{"id":1633,"date":"2019-04-01T10:25:18","date_gmt":"2019-04-01T10:25:18","guid":{"rendered":"http:\/\/avantage.bold-themes.com\/business\/?page_id=1633"},"modified":"2024-01-02T14:39:48","modified_gmt":"2024-01-02T14:39:48","slug":"capacitaciones","status":"publish","type":"page","link":"https:\/\/gestusqualitas.com\/en\/capacitaciones\/","title":{"rendered":"Capacitaciones"},"content":{"rendered":"<body><section id=\"bt_bb_section69e0361a2e769\" class=\"bt_bb_section bt_bb_layout_boxed_1200 bt_bb_vertical_align_top bt_bb_top_spacing_normal bt_bb_bottom_spacing_normal\"  data-bt-override-class=\"null\"><div class=\"bt_bb_port\"><div class=\"bt_bb_cell\"><div class=\"bt_bb_cell_inner\"><div class=\"bt_bb_row\"  data-bt-override-class=\"{}\"><div class=\"bt_bb_row_holder\" ><div  class=\"bt_bb_column col-xxl-12 col-xl-12 bt_bb_vertical_align_top bt_bb_align_left bt_bb_padding_normal\"  data-width=\"12\" data-bt-override-class=\"{}\"><div class=\"bt_bb_column_content\"><div data-bb-version=\"4.7.6\" class=\"bt_bb_masonry_portfolio_tiles bt_bb_grid_container bt_bb_columns_3 bt_bb_gap_normal bt_bb_look_triangular\" data-columns=\"3\"><div class=\"bt_bb_post_grid_filter\"><span class=\"bt_bb_masonry_portfolio_tiles_filter_item bt_bb_post_grid_filter_item active\" data-category-portfolio=\"capacitaciones\" data-format-portfolio=\"\" data-post-type=\"portfolio\">All<\/span><span class=\"bt_bb_masonry_portfolio_tiles_filter_item bt_bb_post_grid_filter_item\" data-category-portfolio=\"capacitaciones\"  data-format-portfolio=\"\" data-post-type=\"portfolio\">Capacitaciones<\/span><\/div><div class=\"bt_bb_masonry_portfolio_tiles_content bt_bb_masonry_post_grid_content bt_bb_grid_hide\" data-bt-nonce=\"595dc1bda0\" data-number-portfolio=\"1000\" data-format-portfolio=\"\" data-category-portfolio=\"capacitaciones\"  data-post-type=\"portfolio\" data-show-portfolio=\"a%3A2%3A%7Bs%3A7%3A%22excerpt%22%3Bb%3A1%3Bs%3A5%3A%22title%22%3Bb%3A1%3B%7D\"><div class=\"bt_bb_grid_sizer\"><\/div><\/div><div class=\"bt_bb_post_grid_loader\"><span class=\"box1\"><\/span><span class=\"box2\"><\/span><span class=\"box3\"><\/span><span class=\"box4\"><\/span><span class=\"box5\"><\/span><\/div><\/div><\/div><\/div><\/div><\/div><\/div><!-- cell_inner --><\/div><!-- cell --><\/div><!-- port --><\/section>\n<\/body>","protected":false},"excerpt":{"rendered":"<p>Busca mejorar el desempe\u00f1o y la competencia del personal, equip\u00e1ndolos con el conocimiento y las habilidades necesarias para llevar a cabo sus responsabilidades de manera efectiva. Las capacitaciones son necesarias para que las empresas de estos sectores sean competitivas. Sin embargo, tambi\u00e9n es importante para que mantengan un entorno de trabajo seguro. En este art\u00edculo se analiza este tipo de capacitaci\u00f3n y sus beneficios para las empresas industriales.<\/p>","protected":false},"author":2,"featured_media":1818,"parent":0,"menu_order":0,"comment_status":"closed","ping_status":"closed","template":"","meta":{"om_disable_all_campaigns":false,"footnotes":""},"class_list":["post-1633","page","type-page","status-publish","has-post-thumbnail","hentry"],"jetpack_sharing_enabled":true,"_links":{"self":[{"href":"https:\/\/gestusqualitas.com\/en\/wp-json\/wp\/v2\/pages\/1633","targetHints":{"allow":["GET"]}}],"collection":[{"href":"https:\/\/gestusqualitas.com\/en\/wp-json\/wp\/v2\/pages"}],"about":[{"href":"https:\/\/gestusqualitas.com\/en\/wp-json\/wp\/v2\/types\/page"}],"author":[{"embeddable":true,"href":"https:\/\/gestusqualitas.com\/en\/wp-json\/wp\/v2\/users\/2"}],"replies":[{"embeddable":true,"href":"https:\/\/gestusqualitas.com\/en\/wp-json\/wp\/v2\/comments?post=1633"}],"version-history":[{"count":0,"href":"https:\/\/gestusqualitas.com\/en\/wp-json\/wp\/v2\/pages\/1633\/revisions"}],"wp:featuredmedia":[{"embeddable":true,"href":"https:\/\/gestusqualitas.com\/en\/wp-json\/wp\/v2\/media\/1818"}],"wp:attachment":[{"href":"https:\/\/gestusqualitas.com\/en\/wp-json\/wp\/v2\/media?parent=1633"}],"curies":[{"name":"wp","href":"https:\/\/api.w.org\/{rel}","templated":true}]}}